{"id":2960,"date":"2022-12-13T12:48:09","date_gmt":"2022-12-13T09:48:09","guid":{"rendered":"https:\/\/www.erckseurasia.com\/?page_id=2960"},"modified":"2023-05-28T08:06:46","modified_gmt":"2023-05-28T05:06:46","slug":"ogr-dr-jung-hye-lee","status":"publish","type":"page","link":"https:\/\/www.erckseurasia.com\/ko\/internetdersleri\/ogr-dr-jung-hye-lee","title":{"rendered":"\u00d6\u011fr. Dr. Jung Hye LEE"},"content":{"rendered":"<div class=\"members-access-error\"><img src=\"\/wp-content\/uploads\/2021\/11\/tr.png\" \/>\u00a0 ERAKAM&#8217;\u0131n bu b\u00f6l\u00fcm\u00fc yaln\u0131zca kay\u0131tl\u0131 kullan\u0131c\u0131lara a\u00e7\u0131kt\u0131r. L\u00fctfen <a href=\"\/login?action=register\">kay\u0131t ol<\/a>un yada <a href=\"\/login\">\u00fcye giri\u015fi<\/a> yap\u0131n.<\/p>\n<p><img src=\"\/wp-content\/uploads\/2021\/11\/south-korea.png\" \/>\u00a0 ERAKAM\uc758 \uc774 \ubd80\ubd84\uc740 \ub4f1\ub85d\ub41c \uc0ac\uc6a9\uc790\uc5d0\uac8c\ub9cc \uc5f4\ub824 \uc788\uc2b5\ub2c8\ub2e4. <a href=\"\/login?action=register\">\ub4f1\ub85d<\/a> \ub610\ub294 <a href=\"\/login\">\ub85c\uadf8\uc778<\/a> \ud558\uc2ed\uc2dc\uc624.<\/p>\n<p><img src=\"\/wp-content\/uploads\/2021\/11\/united-kingdom.png\" \/>\u00a0 This part of ERAKAM is only open to registered users. Please <a href=\"\/login?action=register\">register<\/a> or <a href=\"\/login\">login<\/a>.<\/div>\n","protected":false},"excerpt":{"rendered":"<div class=\"members-access-error\"><img src=\"\/wp-content\/uploads\/2021\/11\/tr.png\" \/>\u00a0 ERAKAM&#8217;\u0131n bu b\u00f6l\u00fcm\u00fc yaln\u0131zca kay\u0131tl\u0131 kullan\u0131c\u0131lara a\u00e7\u0131kt\u0131r. L\u00fctfen <a href=\"\/login?action=register\">kay\u0131t ol<\/a>un yada <a href=\"\/login\">\u00fcye giri\u015fi<\/a> yap\u0131n.<\/p>\n<p><img src=\"\/wp-content\/uploads\/2021\/11\/south-korea.png\" \/>\u00a0 ERAKAM\uc758 \uc774 \ubd80\ubd84\uc740 \ub4f1\ub85d\ub41c \uc0ac\uc6a9\uc790\uc5d0\uac8c\ub9cc \uc5f4\ub824 \uc788\uc2b5\ub2c8\ub2e4. <a href=\"\/login?action=register\">\ub4f1\ub85d<\/a> \ub610\ub294 <a href=\"\/login\">\ub85c\uadf8\uc778<\/a> \ud558\uc2ed\uc2dc\uc624.<\/p>\n<p><img src=\"\/wp-content\/uploads\/2021\/11\/united-kingdom.png\" \/>\u00a0 This part of ERAKAM is only open to registered users. Please <a href=\"\/login?action=register\">register<\/a> or <a href=\"\/login\">login<\/a>.<\/div>\n","protected":false},"author":1,"featured_media":0,"parent":2709,"menu_order":0,"comment_status":"closed","ping_status":"closed","template":"","meta":{"advgb_blocks_editor_width":"","advgb_blocks_columns_visual_guide":"","_kadence_starter_templates_imported_post":false,"_kad_post_transparent":"","_kad_post_title":"","_kad_post_layout":"narrow","_kad_post_sidebar_id":"","_kad_post_content_style":"","_kad_post_vertical_padding":"","_kad_post_feature":"","_kad_post_feature_position":"","_kad_post_header":false,"_kad_post_footer":false,"footnotes":""},"class_list":["post-2960","page","type-page","status-publish","hentry"],"coauthors":[],"author_meta":{"author_link":"https:\/\/www.erckseurasia.com\/ko\/author\/travego","display_name":"Kaan U\u011fras\u0131z"},"relative_dates":{"created":"Posted 3\ub144 ago","modified":"Updated 3\ub144 ago"},"absolute_dates":{"created":"Posted on 13 12\uc6d4 2022","modified":"Updated on 28 5\uc6d4 2023"},"absolute_dates_time":{"created":"Posted on 13 12\uc6d4 2022 12:48","modified":"Updated on 28 5\uc6d4 2023 08:06"},"featured_img_caption":"","featured_img":false,"series_order":"","jetpack_sharing_enabled":true,"_links":{"self":[{"href":"https:\/\/www.erckseurasia.com\/ko\/wp-json\/wp\/v2\/pages\/2960","targetHints":{"allow":["GET"]}}],"collection":[{"href":"https:\/\/www.erckseurasia.com\/ko\/wp-json\/wp\/v2\/pages"}],"about":[{"href":"https:\/\/www.erckseurasia.com\/ko\/wp-json\/wp\/v2\/types\/page"}],"author":[{"embeddable":true,"href":"https:\/\/www.erckseurasia.com\/ko\/wp-json\/wp\/v2\/users\/1"}],"replies":[{"embeddable":true,"href":"https:\/\/www.erckseurasia.com\/ko\/wp-json\/wp\/v2\/comments?post=2960"}],"version-history":[{"count":4,"href":"https:\/\/www.erckseurasia.com\/ko\/wp-json\/wp\/v2\/pages\/2960\/revisions"}],"predecessor-version":[{"id":4642,"href":"https:\/\/www.erckseurasia.com\/ko\/wp-json\/wp\/v2\/pages\/2960\/revisions\/4642"}],"up":[{"embeddable":true,"href":"https:\/\/www.erckseurasia.com\/ko\/wp-json\/wp\/v2\/pages\/2709"}],"wp:attachment":[{"href":"https:\/\/www.erckseurasia.com\/ko\/wp-json\/wp\/v2\/media?parent=2960"}],"curies":[{"name":"wp","href":"https:\/\/api.w.org\/{rel}","templated":true}]}}