{"id":5714,"date":"2024-08-27T21:52:24","date_gmt":"2024-08-27T18:52:24","guid":{"rendered":"https:\/\/www.erckseurasia.com\/?page_id=5714"},"modified":"2024-08-28T11:52:15","modified_gmt":"2024-08-28T08:52:15","slug":"klasik-kore-edebiyati-ve-modern-kore-edebiyati-tarihi","status":"publish","type":"page","link":"https:\/\/www.erckseurasia.com\/ko\/internetdersleri\/haticekorogluturkozu\/klasik-kore-edebiyati-ve-modern-kore-edebiyati-tarihi","title":{"rendered":"\ud55c\uad6d \uace0\uc804\ubb38\ud559 \ubc0f \ud55c\uad6d\ud604\ub300\ubb38\ud559\uc0ac"},"content":{"rendered":"<div class=\"members-access-error\"><img src=\"\/wp-content\/uploads\/2021\/11\/tr.png\" \/>\u00a0 ERAKAM&#8217;\u0131n bu b\u00f6l\u00fcm\u00fc yaln\u0131zca kay\u0131tl\u0131 kullan\u0131c\u0131lara a\u00e7\u0131kt\u0131r. L\u00fctfen <a href=\"\/login?action=register\">kay\u0131t ol<\/a>un yada <a href=\"\/login\">\u00fcye giri\u015fi<\/a> yap\u0131n.<\/p>\n<p><img src=\"\/wp-content\/uploads\/2021\/11\/south-korea.png\" \/>\u00a0 ERAKAM\uc758 \uc774 \ubd80\ubd84\uc740 \ub4f1\ub85d\ub41c \uc0ac\uc6a9\uc790\uc5d0\uac8c\ub9cc \uc5f4\ub824 \uc788\uc2b5\ub2c8\ub2e4. <a href=\"\/login?action=register\">\ub4f1\ub85d<\/a> \ub610\ub294 <a href=\"\/login\">\ub85c\uadf8\uc778<\/a> \ud558\uc2ed\uc2dc\uc624.<\/p>\n<p><img src=\"\/wp-content\/uploads\/2021\/11\/united-kingdom.png\" \/>\u00a0 This part of ERAKAM is only open to registered users. Please <a href=\"\/login?action=register\">register<\/a> or <a href=\"\/login\">login<\/a>.<\/div>\n","protected":false},"excerpt":{"rendered":"<div class=\"members-access-error\"><img src=\"\/wp-content\/uploads\/2021\/11\/tr.png\" \/>\u00a0 ERAKAM&#8217;\u0131n bu b\u00f6l\u00fcm\u00fc yaln\u0131zca kay\u0131tl\u0131 kullan\u0131c\u0131lara a\u00e7\u0131kt\u0131r. L\u00fctfen <a href=\"\/login?action=register\">kay\u0131t ol<\/a>un yada <a href=\"\/login\">\u00fcye giri\u015fi<\/a> yap\u0131n.<\/p>\n<p><img src=\"\/wp-content\/uploads\/2021\/11\/south-korea.png\" \/>\u00a0 ERAKAM\uc758 \uc774 \ubd80\ubd84\uc740 \ub4f1\ub85d\ub41c \uc0ac\uc6a9\uc790\uc5d0\uac8c\ub9cc \uc5f4\ub824 \uc788\uc2b5\ub2c8\ub2e4. <a href=\"\/login?action=register\">\ub4f1\ub85d<\/a> \ub610\ub294 <a href=\"\/login\">\ub85c\uadf8\uc778<\/a> \ud558\uc2ed\uc2dc\uc624.<\/p>\n<p><img src=\"\/wp-content\/uploads\/2021\/11\/united-kingdom.png\" \/>\u00a0 This part of ERAKAM is only open to registered users. Please <a href=\"\/login?action=register\">register<\/a> or <a href=\"\/login\">login<\/a>.<\/div>\n","protected":false},"author":1,"featured_media":0,"parent":1900,"menu_order":0,"comment_status":"closed","ping_status":"closed","template":"","meta":{"advgb_blocks_editor_width":"","advgb_blocks_columns_visual_guide":"","_kadence_starter_templates_imported_post":false,"_kad_post_transparent":"","_kad_post_title":"","_kad_post_layout":"","_kad_post_sidebar_id":"","_kad_post_content_style":"","_kad_post_vertical_padding":"","_kad_post_feature":"","_kad_post_feature_position":"","_kad_post_header":false,"_kad_post_footer":false,"footnotes":""},"class_list":["post-5714","page","type-page","status-publish","hentry"],"coauthors":[],"author_meta":{"author_link":"https:\/\/www.erckseurasia.com\/ko\/author\/travego","display_name":"Kaan U\u011fras\u0131z"},"relative_dates":{"created":"Posted 2\ub144 ago","modified":"Updated 2\ub144 ago"},"absolute_dates":{"created":"Posted on 27 8\uc6d4 2024","modified":"Updated on 28 8\uc6d4 2024"},"absolute_dates_time":{"created":"Posted on 27 8\uc6d4 2024 21:52","modified":"Updated on 28 8\uc6d4 2024 11:52"},"featured_img_caption":"","featured_img":false,"series_order":"","jetpack_sharing_enabled":true,"_links":{"self":[{"href":"https:\/\/www.erckseurasia.com\/ko\/wp-json\/wp\/v2\/pages\/5714","targetHints":{"allow":["GET"]}}],"collection":[{"href":"https:\/\/www.erckseurasia.com\/ko\/wp-json\/wp\/v2\/pages"}],"about":[{"href":"https:\/\/www.erckseurasia.com\/ko\/wp-json\/wp\/v2\/types\/page"}],"author":[{"embeddable":true,"href":"https:\/\/www.erckseurasia.com\/ko\/wp-json\/wp\/v2\/users\/1"}],"replies":[{"embeddable":true,"href":"https:\/\/www.erckseurasia.com\/ko\/wp-json\/wp\/v2\/comments?post=5714"}],"version-history":[{"count":5,"href":"https:\/\/www.erckseurasia.com\/ko\/wp-json\/wp\/v2\/pages\/5714\/revisions"}],"predecessor-version":[{"id":5728,"href":"https:\/\/www.erckseurasia.com\/ko\/wp-json\/wp\/v2\/pages\/5714\/revisions\/5728"}],"up":[{"embeddable":true,"href":"https:\/\/www.erckseurasia.com\/ko\/wp-json\/wp\/v2\/pages\/1900"}],"wp:attachment":[{"href":"https:\/\/www.erckseurasia.com\/ko\/wp-json\/wp\/v2\/media?parent=5714"}],"curies":[{"name":"wp","href":"https:\/\/api.w.org\/{rel}","templated":true}]}}