{"id":5650,"date":"2024-07-17T16:04:36","date_gmt":"2024-07-17T13:04:36","guid":{"rendered":"https:\/\/www.erckseurasia.com\/?post_type=product&#038;p=5650"},"modified":"2024-07-17T16:13:31","modified_gmt":"2024-07-17T13:13:31","slug":"kore-populer-kulturu-uzerine-incelemeler","status":"publish","type":"product","link":"https:\/\/www.erckseurasia.com\/ko\/magaza\/uncategorized\/kore-populer-kulturu-uzerine-incelemeler","title":{"rendered":"\ud55c\uad6d \ub300\uc911\ubb38\ud654 \uc5f0\uad6c"},"content":{"rendered":"","protected":false},"excerpt":{"rendered":"<p><strong>\ud3b8\uc9d1:<\/strong>\u00a0Mutlu B\u0130NARK, Alptekin KESK\u0130N, Engin SARI, Hatice K\u00d6RO\u011eLU T\u00dcRK\u00d6Z\u00dc<\/p>\n<p><strong>ISBN:<\/strong> 978-625-8051-65-0<\/p>\n<p>\ud0b4\ub9ad \ucd9c\ud310\uc0ac(Kimlik Yay\u0131nevi), \uce74\uc774\uc138\ub9ac<br \/>\n\u00a92024\ub144 4\uc6d4<\/p>\n<p>Bu eser, Kore Cumhuriyeti Mill\u00ee E\u011fitim Bakanl\u0131\u011f\u0131, Kore \u00c7al\u0131\u015fmalar\u0131 Tan\u0131t\u0131m Servisi, Kore \u00c7al\u0131\u015fmalar\u0131 Akademisi arac\u0131l\u0131\u011f\u0131yla \u00c7ekirdek \u00dcniversite Program\u0131 Kore \u00c7al\u0131\u015fmalar\u0131 taraf\u0131ndan desteklenmi\u015ftir (AKS-2019-OLU-2250002).<\/p>\n","protected":false},"author":3,"featured_media":5654,"comment_status":"closed","ping_status":"closed","template":"","meta":{"advgb_blocks_editor_width":"","advgb_blocks_columns_visual_guide":"","_kadence_starter_templates_imported_post":false,"_kad_post_transparent":"default","_kad_post_title":"","_kad_post_layout":"default","_kad_post_sidebar_id":"","_kad_post_content_style":"default","_kad_post_vertical_padding":"default","_kad_post_feature":"","_kad_post_feature_position":"","_kad_post_header":false,"_kad_post_footer":false},"product_brand":[],"product_cat":[],"product_tag":[],"class_list":{"0":"post-5650","1":"product","2":"type-product","3":"status-publish","4":"has-post-thumbnail","7":"first","8":"instock","9":"shipping-taxable","10":"product-type-simple","11":"entry","12":"content-bg","13":"loop-entry"},"featured_img":"https:\/\/www.erckseurasia.com\/wp-content\/uploads\/2024\/07\/IMG_0001_1.jpg","coauthors":[],"author_meta":{"author_link":"https:\/\/www.erckseurasia.com\/ko\/author\/editor","display_name":"ERAKAM"},"relative_dates":{"created":"Posted 2\ub144 ago","modified":"Updated 2\ub144 ago"},"absolute_dates":{"created":"Posted on 17 7\uc6d4 2024","modified":"Updated on 17 7\uc6d4 2024"},"absolute_dates_time":{"created":"Posted on 17 7\uc6d4 2024 16:04","modified":"Updated on 17 7\uc6d4 2024 16:13"},"featured_img_caption":"","tax_additional":{"product_brand":{"linked":[],"unlinked":[],"slug":"product_brand","name":"\ube0c\ub79c\ub4dc"},"product_type":{"linked":["<a href=\"https:\/\/www.erckseurasia.com\/ko\/?taxonomy=product_type&#038;term=simple\" class=\"advgb-post-tax-term\">simple<\/a>"],"unlinked":["<span class=\"advgb-post-tax-term\">simple<\/span>"],"slug":"product_type","name":"\uc0c1\ud488 \uc720\ud615"},"product_visibility":{"linked":[],"unlinked":[],"slug":"product_visibility","name":"\uc0c1\ud488 \uac00\uc2dc\uc131"},"product_cat":{"linked":[],"unlinked":[],"slug":"product_cat","name":"\uc0c1\ud488 \uce74\ud14c\uace0\ub9ac"},"product_tag":{"linked":[],"unlinked":[],"slug":"product_tag","name":"\uc0c1\ud488 \ud0dc\uadf8"},"product_shipping_class":{"linked":[],"unlinked":[],"slug":"product_shipping_class","name":"\uc0c1\ud488 \ubc30\uc1a1 \ud074\ub798\uc2a4"}},"series_order":"","jetpack_sharing_enabled":true,"_links":{"self":[{"href":"https:\/\/www.erckseurasia.com\/ko\/wp-json\/wp\/v2\/product\/5650","targetHints":{"allow":["GET"]}}],"collection":[{"href":"https:\/\/www.erckseurasia.com\/ko\/wp-json\/wp\/v2\/product"}],"about":[{"href":"https:\/\/www.erckseurasia.com\/ko\/wp-json\/wp\/v2\/types\/product"}],"replies":[{"embeddable":true,"href":"https:\/\/www.erckseurasia.com\/ko\/wp-json\/wp\/v2\/comments?post=5650"}],"wp:featuredmedia":[{"embeddable":true,"href":"https:\/\/www.erckseurasia.com\/ko\/wp-json\/wp\/v2\/media\/5654"}],"wp:attachment":[{"href":"https:\/\/www.erckseurasia.com\/ko\/wp-json\/wp\/v2\/media?parent=5650"}],"wp:term":[{"taxonomy":"product_brand","embeddable":true,"href":"https:\/\/www.erckseurasia.com\/ko\/wp-json\/wp\/v2\/product_brand?post=5650"},{"taxonomy":"product_cat","embeddable":true,"href":"https:\/\/www.erckseurasia.com\/ko\/wp-json\/wp\/v2\/product_cat?post=5650"},{"taxonomy":"product_tag","embeddable":true,"href":"https:\/\/www.erckseurasia.com\/ko\/wp-json\/wp\/v2\/product_tag?post=5650"}],"curies":[{"name":"wp","href":"https:\/\/api.w.org\/{rel}","templated":true}]}}