{"id":5778,"date":"2024-10-03T15:08:08","date_gmt":"2024-10-03T12:08:08","guid":{"rendered":"https:\/\/www.erckseurasia.com\/?post_type=product&#038;p=5778"},"modified":"2024-10-03T15:12:07","modified_gmt":"2024-10-03T12:12:07","slug":"orta-seviye-korece-dilbilgisi-b-1","status":"publish","type":"product","link":"https:\/\/www.erckseurasia.com\/ko\/magaza\/uncategorized\/orta-seviye-korece-dilbilgisi-b-1","title":{"rendered":"\ud55c\uad6d\uc5b4 \uc911\uae09 \ubb38\ubc95 B-1"},"content":{"rendered":"","protected":false},"excerpt":{"rendered":"<p><strong>\uc800\uc790:<\/strong> S. G\u00f6ksel T\u00dcRK\u00d6Z\u00dc, Sibel S\u00d6\u011e\u00dcTL\u00dc<\/p>\n<p><strong>ISBN:<\/strong> 978-605-72140-8-9<\/p>\n<div class=\"woocommerce-product-details__short-description\">\n<p>\ub2d0\uc2e0 \ucd9c\ud310\uc0ac, \uc559\uce74\ub77c<br \/>\n\u00a9 2024\ub144 9\uc6d4<\/p>\n<p>\uc774 \uc800\uc11c\ub294 2019\ub144\ub3c4 \ub300\ud55c\ubbfc\uad6d \uad50\uc721\ubd80\uc640 \ud55c\uad6d\ud559\uc911\uc559\uc5f0\uad6c\uc6d0(\ud55c\uad6d\ud559\uc9c4\ud765\uc0ac\uc5c5\ub2e8)\uc744 \ud1b5\ud574 \ud574\uc678 \ud55c\uad6d\ud559 \uc911\ud575\ub300\ud559\uc721\uc131\uc0ac\uc5c5\uc758 \uc9c0\uc6d0\uc744 \ubc1b\uc544 \uc218\ud589\ub41c \uc5f0\uad6c\uc784(AKS-2019-OLU-2250002).<\/p>\n<\/div>\n","protected":false},"author":3,"featured_media":5784,"comment_status":"closed","ping_status":"closed","template":"","meta":{"advgb_blocks_editor_width":"","advgb_blocks_columns_visual_guide":"","_kadence_starter_templates_imported_post":false,"_kad_post_transparent":"default","_kad_post_title":"","_kad_post_layout":"default","_kad_post_sidebar_id":"","_kad_post_content_style":"default","_kad_post_vertical_padding":"default","_kad_post_feature":"","_kad_post_feature_position":"","_kad_post_header":false,"_kad_post_footer":false},"product_brand":[],"product_cat":[],"product_tag":[],"class_list":{"0":"post-5778","1":"product","2":"type-product","3":"status-publish","4":"has-post-thumbnail","7":"first","8":"instock","9":"shipping-taxable","10":"product-type-simple","11":"entry","12":"content-bg","13":"loop-entry"},"featured_img":"https:\/\/www.erckseurasia.com\/wp-content\/uploads\/2024\/10\/IMG_0001-1-pdf.jpg","coauthors":[],"author_meta":{"author_link":"https:\/\/www.erckseurasia.com\/ko\/author\/editor","display_name":"ERAKAM"},"relative_dates":{"created":"Posted 2\ub144 ago","modified":"Updated 2\ub144 ago"},"absolute_dates":{"created":"Posted on 3 10\uc6d4 2024","modified":"Updated on 3 10\uc6d4 2024"},"absolute_dates_time":{"created":"Posted on 3 10\uc6d4 2024 15:08","modified":"Updated on 3 10\uc6d4 2024 15:12"},"featured_img_caption":"","tax_additional":{"product_brand":{"linked":[],"unlinked":[],"slug":"product_brand","name":"\ube0c\ub79c\ub4dc"},"product_type":{"linked":["<a href=\"https:\/\/www.erckseurasia.com\/ko\/?taxonomy=product_type&#038;term=simple\" class=\"advgb-post-tax-term\">simple<\/a>"],"unlinked":["<span class=\"advgb-post-tax-term\">simple<\/span>"],"slug":"product_type","name":"\uc0c1\ud488 \uc720\ud615"},"product_visibility":{"linked":[],"unlinked":[],"slug":"product_visibility","name":"\uc0c1\ud488 \uac00\uc2dc\uc131"},"product_cat":{"linked":[],"unlinked":[],"slug":"product_cat","name":"\uc0c1\ud488 \uce74\ud14c\uace0\ub9ac"},"product_tag":{"linked":[],"unlinked":[],"slug":"product_tag","name":"\uc0c1\ud488 \ud0dc\uadf8"},"product_shipping_class":{"linked":[],"unlinked":[],"slug":"product_shipping_class","name":"\uc0c1\ud488 \ubc30\uc1a1 \ud074\ub798\uc2a4"}},"series_order":"","jetpack_sharing_enabled":true,"_links":{"self":[{"href":"https:\/\/www.erckseurasia.com\/ko\/wp-json\/wp\/v2\/product\/5778","targetHints":{"allow":["GET"]}}],"collection":[{"href":"https:\/\/www.erckseurasia.com\/ko\/wp-json\/wp\/v2\/product"}],"about":[{"href":"https:\/\/www.erckseurasia.com\/ko\/wp-json\/wp\/v2\/types\/product"}],"replies":[{"embeddable":true,"href":"https:\/\/www.erckseurasia.com\/ko\/wp-json\/wp\/v2\/comments?post=5778"}],"wp:featuredmedia":[{"embeddable":true,"href":"https:\/\/www.erckseurasia.com\/ko\/wp-json\/wp\/v2\/media\/5784"}],"wp:attachment":[{"href":"https:\/\/www.erckseurasia.com\/ko\/wp-json\/wp\/v2\/media?parent=5778"}],"wp:term":[{"taxonomy":"product_brand","embeddable":true,"href":"https:\/\/www.erckseurasia.com\/ko\/wp-json\/wp\/v2\/product_brand?post=5778"},{"taxonomy":"product_cat","embeddable":true,"href":"https:\/\/www.erckseurasia.com\/ko\/wp-json\/wp\/v2\/product_cat?post=5778"},{"taxonomy":"product_tag","embeddable":true,"href":"https:\/\/www.erckseurasia.com\/ko\/wp-json\/wp\/v2\/product_tag?post=5778"}],"curies":[{"name":"wp","href":"https:\/\/api.w.org\/{rel}","templated":true}]}}